{"id":24,"date":"2024-09-22T11:30:28","date_gmt":"2024-09-22T11:30:28","guid":{"rendered":"https:\/\/buildgo.themeori.com\/?page_id=24"},"modified":"2025-09-03T18:02:20","modified_gmt":"2025-09-03T16:02:20","slug":"services","status":"publish","type":"page","link":"https:\/\/sidef.com\/fr\/services\/","title":{"rendered":"Services"},"content":{"rendered":"<div data-elementor-type=\"wp-page\" data-elementor-id=\"24\" class=\"elementor elementor-24\" data-elementor-post-type=\"page\">\n\t\t\t\t\t\t<section class=\"elementor-section elementor-top-section elementor-element elementor-element-721b999 elementor-section-boxed elementor-section-height-default elementor-section-height-default\" data-id=\"721b999\" data-element_type=\"section\" id=\"linee\" data-settings=\"{&quot;background_background&quot;:&quot;classic&quot;}\">\n\t\t\t\t\t\t<div class=\"elementor-container elementor-column-gap-default\">\n\t\t\t\t\t<div class=\"elementor-column elementor-col-50 elementor-top-column elementor-element elementor-element-e40fd68\" data-id=\"e40fd68\" data-element_type=\"column\">\n\t\t\t<div class=\"elementor-widget-wrap elementor-element-populated\">\n\t\t\t\t\t\t<div class=\"elementor-element elementor-element-62ffda7 elementor-widget elementor-widget-image\" data-id=\"62ffda7\" data-element_type=\"widget\" data-widget_type=\"image.default\">\n\t\t\t\t<div class=\"elementor-widget-container\">\n\t\t\t\t\t\t\t\t\t\t\t\t\t\t\t<img fetchpriority=\"high\" decoding=\"async\" width=\"564\" height=\"740\" src=\"https:\/\/sidef.com\/wp-content\/uploads\/2025\/09\/innovazione-sidef.png\" class=\"attachment-full size-full wp-image-3308\" alt=\"\" srcset=\"https:\/\/sidef.com\/wp-content\/uploads\/2025\/09\/innovazione-sidef.png 564w, https:\/\/sidef.com\/wp-content\/uploads\/2025\/09\/innovazione-sidef-229x300.png 229w\" sizes=\"(max-width: 564px) 100vw, 564px\" \/>\t\t\t\t\t\t\t\t\t\t\t\t\t\t\t<\/div>\n\t\t\t\t<\/div>\n\t\t\t\t\t<\/div>\n\t\t<\/div>\n\t\t\t\t<div class=\"elementor-column elementor-col-50 elementor-top-column elementor-element elementor-element-480faee\" data-id=\"480faee\" data-element_type=\"column\">\n\t\t\t<div class=\"elementor-widget-wrap elementor-element-populated\">\n\t\t\t\t\t\t<div class=\"elementor-element elementor-element-b88c124 elementor-widget__width-auto elementor-widget elementor-widget-heading\" data-id=\"b88c124\" data-element_type=\"widget\" data-widget_type=\"heading.default\">\n\t\t\t\t<div class=\"elementor-widget-container\">\n\t\t\t\t\t<h6 class=\"elementor-heading-title elementor-size-default\">Production<\/h6>\t\t\t\t<\/div>\n\t\t\t\t<\/div>\n\t\t\t\t<div class=\"elementor-element elementor-element-aa7bb0f elementor-widget elementor-widget-heading\" data-id=\"aa7bb0f\" data-element_type=\"widget\" data-widget_type=\"heading.default\">\n\t\t\t\t<div class=\"elementor-widget-container\">\n\t\t\t\t\t<h2 class=\"elementor-heading-title elementor-size-default\">Qualit\u00e0, innovazione e sostenibilit\u00e0 al servizio dell'industria<\/h2>\t\t\t\t<\/div>\n\t\t\t\t<\/div>\n\t\t\t\t<div class=\"elementor-element elementor-element-8f934e9 elementor-widget elementor-widget-heading\" data-id=\"8f934e9\" data-element_type=\"widget\" data-widget_type=\"heading.default\">\n\t\t\t\t<div class=\"elementor-widget-container\">\n\t\t\t\t\t<p class=\"elementor-heading-title elementor-size-default\"><p>De <b>1982<\/b>Au fil des ans, SIDEF s'est forg\u00e9 une solide pr\u00e9sence industrielle et commerciale, \u00e9voluant constamment pour r\u00e9pondre aux besoins des march\u00e9s nationaux et internationaux. Notre production de <b>granul\u00e9s de PVC plastifi\u00e9s et rigides<\/b> couvre un large \u00e9ventail d'industries, offrant <b>des solutions personnalis\u00e9es et performantes.<\/b><\/p>\n\n<p>Unendo <b>successo economico, responsabilit\u00e0 sociale e tutela dell\u2019ambiente<\/b>nous nous engageons \u00e0 d\u00e9velopper des mat\u00e9riaux innovants par le biais d'une recherche et d'un d\u00e9veloppement continus, garantissant \u00e0 nos clients <b>efficienza, qualit\u00e0 e sostenibilit\u00e0.<\/b><\/p><\/p>\t\t\t\t<\/div>\n\t\t\t\t<\/div>\n\t\t\t\t\t<\/div>\n\t\t<\/div>\n\t\t\t\t\t<\/div>\n\t\t<\/section>\n\t\t\t\t<section class=\"elementor-section elementor-top-section elementor-element elementor-element-be61284 elementor-section-boxed elementor-section-height-default elementor-section-height-default\" data-id=\"be61284\" data-element_type=\"section\" data-settings=\"{&quot;background_background&quot;:&quot;classic&quot;}\">\n\t\t\t\t\t\t<div class=\"elementor-container elementor-column-gap-default\">\n\t\t\t\t\t<div class=\"elementor-column elementor-col-50 elementor-top-column elementor-element elementor-element-2d3820e\" data-id=\"2d3820e\" data-element_type=\"column\">\n\t\t\t<div class=\"elementor-widget-wrap elementor-element-populated\">\n\t\t\t\t\t\t<div class=\"elementor-element elementor-element-1af1b01 elementor-widget elementor-widget-heading\" data-id=\"1af1b01\" data-element_type=\"widget\" data-widget_type=\"heading.default\">\n\t\t\t\t<div class=\"elementor-widget-container\">\n\t\t\t\t\t<h2 class=\"elementor-heading-title elementor-size-default\">Production de granul\u00e9s de PVC<\/h2>\t\t\t\t<\/div>\n\t\t\t\t<\/div>\n\t\t\t\t<div class=\"elementor-element elementor-element-62284a1 elementor-widget elementor-widget-heading\" data-id=\"62284a1\" data-element_type=\"widget\" data-widget_type=\"heading.default\">\n\t\t\t\t<div class=\"elementor-widget-container\">\n\t\t\t\t\t<p class=\"elementor-heading-title elementor-size-default\">SIDEF SPA vanta una capacit\u00e0 produttiva di oltre 20.000 tonnellate all'anno di compound di PVC plastificato e rigido, destinati a diverse applicazioni industriali. La nostra produzione si distingue per alta qualit\u00e0, versatilit\u00e0 e innovazione, grazie a un processo costantemente ottimizzato.<br\/>\n\ud83d\udd39 8 linee di produzione avanzate per estrusione e stampaggio\u2028<br\/>\ud83d\udd39 Linea pilota per test e sviluppo di nuove formulazioni\u2028<br\/>\ud83d\udd39 Controllo qualit\u00e0 rigoroso in ogni fase del processo\u2028<br\/>\ud83d\udd39 Produzione eco-friendly con focus su sostenibilit\u00e0 e materiali rigenerati<\/p>\t\t\t\t<\/div>\n\t\t\t\t<\/div>\n\t\t\t\t\t<\/div>\n\t\t<\/div>\n\t\t\t\t<div class=\"elementor-column elementor-col-50 elementor-top-column elementor-element elementor-element-7e76e59\" data-id=\"7e76e59\" data-element_type=\"column\">\n\t\t\t<div class=\"elementor-widget-wrap elementor-element-populated\">\n\t\t\t\t\t\t<div class=\"elementor-element elementor-element-982d798 elementor-widget elementor-widget-image\" data-id=\"982d798\" data-element_type=\"widget\" data-widget_type=\"image.default\">\n\t\t\t\t<div class=\"elementor-widget-container\">\n\t\t\t\t\t\t\t\t\t\t\t\t\t\t\t<img decoding=\"async\" width=\"564\" height=\"740\" src=\"https:\/\/sidef.com\/wp-content\/uploads\/2025\/09\/granuli-pvc-sidef.png\" class=\"attachment-full size-full wp-image-3300\" alt=\"\" srcset=\"https:\/\/sidef.com\/wp-content\/uploads\/2025\/09\/granuli-pvc-sidef.png 564w, https:\/\/sidef.com\/wp-content\/uploads\/2025\/09\/granuli-pvc-sidef-229x300.png 229w\" sizes=\"(max-width: 564px) 100vw, 564px\" \/>\t\t\t\t\t\t\t\t\t\t\t\t\t\t\t<\/div>\n\t\t\t\t<\/div>\n\t\t\t\t\t<\/div>\n\t\t<\/div>\n\t\t\t\t\t<\/div>\n\t\t<\/section>\n\t\t\t\t<section class=\"elementor-section elementor-top-section elementor-element elementor-element-c93575b elementor-section-boxed elementor-section-height-default elementor-section-height-default\" data-id=\"c93575b\" data-element_type=\"section\" id=\"progettazione-sviluppo-pvc\" data-settings=\"{&quot;background_background&quot;:&quot;classic&quot;}\">\n\t\t\t\t\t\t<div class=\"elementor-container elementor-column-gap-default\">\n\t\t\t\t\t<div class=\"elementor-column elementor-col-50 elementor-top-column elementor-element elementor-element-c865b62\" data-id=\"c865b62\" data-element_type=\"column\">\n\t\t\t<div class=\"elementor-widget-wrap elementor-element-populated\">\n\t\t\t\t\t\t<div class=\"elementor-element elementor-element-1a57031 elementor-widget elementor-widget-image\" data-id=\"1a57031\" data-element_type=\"widget\" data-widget_type=\"image.default\">\n\t\t\t\t<div class=\"elementor-widget-container\">\n\t\t\t\t\t\t\t\t\t\t\t\t\t\t\t<img decoding=\"async\" width=\"564\" height=\"740\" src=\"https:\/\/sidef.com\/wp-content\/uploads\/2025\/09\/progettazione-pvc-sidef.png\" class=\"attachment-full size-full wp-image-3301\" alt=\"\" srcset=\"https:\/\/sidef.com\/wp-content\/uploads\/2025\/09\/progettazione-pvc-sidef.png 564w, https:\/\/sidef.com\/wp-content\/uploads\/2025\/09\/progettazione-pvc-sidef-229x300.png 229w\" sizes=\"(max-width: 564px) 100vw, 564px\" \/>\t\t\t\t\t\t\t\t\t\t\t\t\t\t\t<\/div>\n\t\t\t\t<\/div>\n\t\t\t\t\t<\/div>\n\t\t<\/div>\n\t\t\t\t<div class=\"elementor-column elementor-col-50 elementor-top-column elementor-element elementor-element-010048e\" data-id=\"010048e\" data-element_type=\"column\">\n\t\t\t<div class=\"elementor-widget-wrap elementor-element-populated\">\n\t\t\t\t\t\t<div class=\"elementor-element elementor-element-b943b1e elementor-widget elementor-widget-heading\" data-id=\"b943b1e\" data-element_type=\"widget\" data-widget_type=\"heading.default\">\n\t\t\t\t<div class=\"elementor-widget-container\">\n\t\t\t\t\t<h2 class=\"elementor-heading-title elementor-size-default\">Conception et d\u00e9veloppement de compos\u00e9s de PVC<\/h2>\t\t\t\t<\/div>\n\t\t\t\t<\/div>\n\t\t\t\t<div class=\"elementor-element elementor-element-72861a0 elementor-widget elementor-widget-heading\" data-id=\"72861a0\" data-element_type=\"widget\" data-widget_type=\"heading.default\">\n\t\t\t\t<div class=\"elementor-widget-container\">\n\t\t\t\t\t<p class=\"elementor-heading-title elementor-size-default\">Nous produisons des formulations personnalis\u00e9es pour r\u00e9pondre aux besoins sp\u00e9cifiques de chaque secteur industriel. Gr\u00e2ce \u00e0 notre exp\u00e9rience et \u00e0 nos technologies avanc\u00e9es, nous d\u00e9veloppons des PVC plastifi\u00e9s et rigides pour des applications d'extrusion et de moulage.<br\/>\n\u2705 Personalizzazione delle caratteristiche tecniche (durezza, resistenza, elasticit\u00e0)<br\/>\u2028\u2705 Supporto tecnico per la scelta del materiale pi\u00f9 adatto<br\/>\u2028\u2705 Sviluppo di compound innovativi e sostenibili<\/p>\t\t\t\t<\/div>\n\t\t\t\t<\/div>\n\t\t\t\t<div class=\"elementor-element elementor-element-ea40cad elementor-widget elementor-widget-flexitype-creative-button\" data-id=\"ea40cad\" data-element_type=\"widget\" data-widget_type=\"flexitype-creative-button.default\">\n\t\t\t\t<div class=\"elementor-widget-container\">\n\t\t\t\t\t        <div class=\"flexitype-btn\">\r\n            <a class=\"flexitype-btn-wrapper button-isi  right\" href=\"https:\/\/sidef.com\/fr\/produits\/\" data-text=\"Scopri i prodotti\">\r\n                <span>D\u00e9couvrir les produits<\/span>\r\n                                    <i class=\"flaticon flaticon-right-up\"><\/i>\r\n                            <\/a>\r\n        <\/div>\r\n        \t\t\t\t<\/div>\n\t\t\t\t<\/div>\n\t\t\t\t\t<\/div>\n\t\t<\/div>\n\t\t\t\t\t<\/div>\n\t\t<\/section>\n\t\t\t\t<section class=\"elementor-section elementor-top-section elementor-element elementor-element-52ade2d elementor-section-boxed elementor-section-height-default elementor-section-height-default\" data-id=\"52ade2d\" data-element_type=\"section\" id=\"velocita-evasione\" data-settings=\"{&quot;background_background&quot;:&quot;classic&quot;}\">\n\t\t\t\t\t\t<div class=\"elementor-container elementor-column-gap-default\">\n\t\t\t\t\t<div class=\"elementor-column elementor-col-50 elementor-top-column elementor-element elementor-element-ccb4cd7\" data-id=\"ccb4cd7\" data-element_type=\"column\">\n\t\t\t<div class=\"elementor-widget-wrap elementor-element-populated\">\n\t\t\t\t\t\t<div class=\"elementor-element elementor-element-a007e6c elementor-widget elementor-widget-heading\" data-id=\"a007e6c\" data-element_type=\"widget\" data-widget_type=\"heading.default\">\n\t\t\t\t<div class=\"elementor-widget-container\">\n\t\t\t\t\t<h2 class=\"elementor-heading-title elementor-size-default\">Velocit\u00e0 di evasione degli ordini<\/h2>\t\t\t\t<\/div>\n\t\t\t\t<\/div>\n\t\t\t\t<div class=\"elementor-element elementor-element-3c09e6d elementor-widget elementor-widget-heading\" data-id=\"3c09e6d\" data-element_type=\"widget\" data-widget_type=\"heading.default\">\n\t\t\t\t<div class=\"elementor-widget-container\">\n\t\t\t\t\t<p class=\"elementor-heading-title elementor-size-default\">Grazie a un\u2019organizzazione efficiente e un controllo automatizzato della produzione, garantiamo tempi di risposta rapidi per la fornitura di granuli di PVC.<br\/>\n\u2705 Processi ottimizzati per ridurre i tempi di produzione<br\/>\u2028\u2705 Pianificazione avanzata per garantire disponibilit\u00e0 immediata<br\/>\u2028\u2705 Laboratorio interno per test e verifiche qualit\u00e0 in tempi ridotti<\/p>\t\t\t\t<\/div>\n\t\t\t\t<\/div>\n\t\t\t\t<div class=\"elementor-element elementor-element-41e0dc1 elementor-widget elementor-widget-heading\" data-id=\"41e0dc1\" data-element_type=\"widget\" data-widget_type=\"heading.default\">\n\t\t\t\t<div class=\"elementor-widget-container\">\n\t\t\t\t\t<h2 class=\"elementor-heading-title elementor-size-default\">Livraison rapide par ses propres moyens<\/h2>\t\t\t\t<\/div>\n\t\t\t\t<\/div>\n\t\t\t\t<div class=\"elementor-element elementor-element-38f7e30 elementor-widget elementor-widget-heading\" data-id=\"38f7e30\" data-element_type=\"widget\" data-widget_type=\"heading.default\">\n\t\t\t\t<div class=\"elementor-widget-container\">\n\t\t\t\t\t<p class=\"elementor-heading-title elementor-size-default\">Nous g\u00e9rons la logistique \u00e0 l'aide d'une flotte interne, ce qui garantit des livraisons rapides et flexibles dans tout le pays et \u00e0 l'\u00e9chelle internationale.<br\/>\n\u2705 Trasporto diretto con mezzi aziendali<br\/>\u2028\u2705 Partnership con spedizionieri selezionati per copertura globale<br\/>\u2028\u2705 Massima affidabilit\u00e0 nella gestione delle tempistiche<\/p>\t\t\t\t<\/div>\n\t\t\t\t<\/div>\n\t\t\t\t\t<\/div>\n\t\t<\/div>\n\t\t\t\t<div class=\"elementor-column elementor-col-50 elementor-top-column elementor-element elementor-element-3f262d8\" data-id=\"3f262d8\" data-element_type=\"column\">\n\t\t\t<div class=\"elementor-widget-wrap elementor-element-populated\">\n\t\t\t\t\t\t<div class=\"elementor-element elementor-element-8e0524d elementor-widget elementor-widget-image\" data-id=\"8e0524d\" data-element_type=\"widget\" data-widget_type=\"image.default\">\n\t\t\t\t<div class=\"elementor-widget-container\">\n\t\t\t\t\t\t\t\t\t\t\t\t\t\t\t<img loading=\"lazy\" decoding=\"async\" width=\"683\" height=\"737\" src=\"https:\/\/sidef.com\/wp-content\/uploads\/2025\/09\/velocita-ordini.png\" class=\"attachment-full size-full wp-image-3303\" alt=\"\" srcset=\"https:\/\/sidef.com\/wp-content\/uploads\/2025\/09\/velocita-ordini.png 683w, https:\/\/sidef.com\/wp-content\/uploads\/2025\/09\/velocita-ordini-278x300.png 278w\" sizes=\"(max-width: 683px) 100vw, 683px\" \/>\t\t\t\t\t\t\t\t\t\t\t\t\t\t\t<\/div>\n\t\t\t\t<\/div>\n\t\t\t\t\t<\/div>\n\t\t<\/div>\n\t\t\t\t\t<\/div>\n\t\t<\/section>\n\t\t\t\t<section class=\"elementor-section elementor-top-section elementor-element elementor-element-3f52415 elementor-section-boxed elementor-section-height-default elementor-section-height-default\" data-id=\"3f52415\" data-element_type=\"section\" data-settings=\"{&quot;background_background&quot;:&quot;classic&quot;}\">\n\t\t\t\t\t\t<div class=\"elementor-container elementor-column-gap-default\">\n\t\t\t\t\t<div class=\"elementor-column elementor-col-50 elementor-top-column elementor-element elementor-element-1791e50\" data-id=\"1791e50\" data-element_type=\"column\">\n\t\t\t<div class=\"elementor-widget-wrap elementor-element-populated\">\n\t\t\t\t\t\t<div class=\"elementor-element elementor-element-f55fceb elementor-widget elementor-widget-heading\" data-id=\"f55fceb\" data-element_type=\"widget\" data-widget_type=\"heading.default\">\n\t\t\t\t<div class=\"elementor-widget-container\">\n\t\t\t\t\t<h2 class=\"elementor-heading-title elementor-size-default\">Sostenibilit\u00e0 e riciclo<\/h2>\t\t\t\t<\/div>\n\t\t\t\t<\/div>\n\t\t\t\t<div class=\"elementor-element elementor-element-3b7c23f elementor-widget elementor-widget-heading\" data-id=\"3b7c23f\" data-element_type=\"widget\" data-widget_type=\"heading.default\">\n\t\t\t\t<div class=\"elementor-widget-container\">\n\t\t\t\t\t<p class=\"elementor-heading-title elementor-size-default\">Il nostro impegno nella produzione responsabile si traduce nello sviluppo di compound di PVC rigenerati, riducendo l\u2019impatto ambientale e favorendo un\u2019economia circolare.<br\/>\n\u2705 Utilizzo di materie prime rigenerate<br\/>\u2028\u2705 Processi produttivi eco-friendly<br\/>\u2028\u2705 Ricerca e sviluppo per soluzioni sostenibili<\/p>\t\t\t\t<\/div>\n\t\t\t\t<\/div>\n\t\t\t\t<div class=\"elementor-element elementor-element-2a0683a elementor-widget elementor-widget-flexitype-creative-button\" data-id=\"2a0683a\" data-element_type=\"widget\" data-widget_type=\"flexitype-creative-button.default\">\n\t\t\t\t<div class=\"elementor-widget-container\">\n\t\t\t\t\t        <div class=\"flexitype-btn\">\r\n            <a class=\"flexitype-btn-wrapper button-isi  right\" href=\"https:\/\/sidef.com\/fr\/la-durabilite\/\" data-text=\"Sostenibilit\u00e0\">\r\n                <span>Sostenibilit\u00e0<\/span>\r\n                                    <i class=\"flaticon flaticon-right-up\"><\/i>\r\n                            <\/a>\r\n        <\/div>\r\n        \t\t\t\t<\/div>\n\t\t\t\t<\/div>\n\t\t\t\t\t<\/div>\n\t\t<\/div>\n\t\t\t\t<div class=\"elementor-column elementor-col-50 elementor-top-column elementor-element elementor-element-e723789\" data-id=\"e723789\" data-element_type=\"column\">\n\t\t\t<div class=\"elementor-widget-wrap elementor-element-populated\">\n\t\t\t\t\t\t<div class=\"elementor-element elementor-element-a9c984e elementor-widget elementor-widget-image\" data-id=\"a9c984e\" data-element_type=\"widget\" data-widget_type=\"image.default\">\n\t\t\t\t<div class=\"elementor-widget-container\">\n\t\t\t\t\t\t\t\t\t\t\t\t\t\t\t<img loading=\"lazy\" decoding=\"async\" width=\"670\" height=\"504\" src=\"https:\/\/sidef.com\/wp-content\/uploads\/2025\/09\/sostenibilita.png\" class=\"attachment-full size-full wp-image-3304\" alt=\"\" srcset=\"https:\/\/sidef.com\/wp-content\/uploads\/2025\/09\/sostenibilita.png 670w, https:\/\/sidef.com\/wp-content\/uploads\/2025\/09\/sostenibilita-300x226.png 300w\" sizes=\"(max-width: 670px) 100vw, 670px\" \/>\t\t\t\t\t\t\t\t\t\t\t\t\t\t\t<\/div>\n\t\t\t\t<\/div>\n\t\t\t\t\t<\/div>\n\t\t<\/div>\n\t\t\t\t\t<\/div>\n\t\t<\/section>\n\t\t\t\t<\/div>","protected":false},"excerpt":{"rendered":"<p>La produzione Qualit\u00e0, innovazione e sostenibilit\u00e0 al servizio dell&#8217;industria Dal 1982, SIDEF ha costruito una solida presenza produttiva e commerciale, evolvendosi costantemente per rispondere alle esigenze dei mercati nazionali e internazionali. La nostra produzione di granuli di PVC plastificato e rigido copre una vasta gamma di settori industriali, offrendo soluzioni personalizzate e altamente performanti. Unendo [&hellip;]<\/p>","protected":false},"author":1,"featured_media":0,"parent":0,"menu_order":0,"comment_status":"closed","ping_status":"closed","template":"page-builder.php","meta":{"_acf_changed":false,"footnotes":""},"class_list":["post-24","page","type-page","status-publish","hentry"],"acf":[],"_links":{"self":[{"href":"https:\/\/sidef.com\/fr\/wp-json\/wp\/v2\/pages\/24","targetHints":{"allow":["GET"]}}],"collection":[{"href":"https:\/\/sidef.com\/fr\/wp-json\/wp\/v2\/pages"}],"about":[{"href":"https:\/\/sidef.com\/fr\/wp-json\/wp\/v2\/types\/page"}],"author":[{"embeddable":true,"href":"https:\/\/sidef.com\/fr\/wp-json\/wp\/v2\/users\/1"}],"replies":[{"embeddable":true,"href":"https:\/\/sidef.com\/fr\/wp-json\/wp\/v2\/comments?post=24"}],"version-history":[{"count":47,"href":"https:\/\/sidef.com\/fr\/wp-json\/wp\/v2\/pages\/24\/revisions"}],"predecessor-version":[{"id":3336,"href":"https:\/\/sidef.com\/fr\/wp-json\/wp\/v2\/pages\/24\/revisions\/3336"}],"wp:attachment":[{"href":"https:\/\/sidef.com\/fr\/wp-json\/wp\/v2\/media?parent=24"}],"curies":[{"name":"wp","href":"https:\/\/api.w.org\/{rel}","templated":true}]}}